{"id":222,"date":"2025-10-01T19:18:40","date_gmt":"2025-10-01T19:18:40","guid":{"rendered":"https:\/\/learnandclick.nl\/?page_id=222"},"modified":"2025-10-21T20:34:12","modified_gmt":"2025-10-21T20:34:12","slug":"over-ons","status":"publish","type":"page","link":"https:\/\/learnandclick.nl\/index.php\/over-ons\/","title":{"rendered":"Over ons"},"content":{"rendered":"\t\t<div data-elementor-type=\"wp-page\" data-elementor-id=\"222\" class=\"elementor elementor-222\">\n\t\t\t\t<div class=\"elementor-element elementor-element-d664552 e-flex e-con-boxed e-con e-parent\" data-id=\"d664552\" data-element_type=\"container\" data-e-type=\"container\">\n\t\t\t\t\t<div class=\"e-con-inner\">\n\t\t\t\t<div class=\"elementor-element elementor-element-e5ce09d elementor-widget elementor-widget-heading\" data-id=\"e5ce09d\" data-element_type=\"widget\" data-e-type=\"widget\" data-widget_type=\"heading.default\">\n\t\t\t\t\t<h2 class=\"elementor-heading-title elementor-size-default\">- over ons -<\/h2>\t\t\t\t<\/div>\n\t\t\t\t\t<\/div>\n\t\t\t\t<\/div>\n\t\t<div class=\"elementor-element elementor-element-1dca07b e-flex e-con-boxed e-con e-parent\" data-id=\"1dca07b\" data-element_type=\"container\" data-e-type=\"container\">\n\t\t\t\t\t<div class=\"e-con-inner\">\n\t\t\t\t<div class=\"elementor-element elementor-element-41ac892 elementor-widget elementor-widget-text-editor\" data-id=\"41ac892\" data-element_type=\"widget\" data-e-type=\"widget\" data-widget_type=\"text-editor.default\">\n\t\t\t\t\t\t\t\t\t<p data-start=\"120\" data-end=\"396\">Bij Learn and Click draait alles om passie voor fotografie en het ontwikkelen van creatieve vaardigheden. Of je nu net begint of al jaren fotografeert, onze workshops zijn erop gericht om jou te inspireren, nieuwe technieken te leren en je eigen stijl verder te ontwikkelen.<\/p>\n<p data-start=\"398\" data-end=\"644\">We geven workshops in onze studio in Eindhoven, in samenwerking met camerawinkels maar ook op andere locaties zoals bijvoorbeeld bij fotoclubs. Zo zorgen we voor een leeromgeving die past bij jouw niveau en interesse.&nbsp;<\/p>\n<p data-start=\"398\" data-end=\"644\">Onze populairste workshops zijn:<\/p>\n<ul data-start=\"645\" data-end=\"892\">\n<li data-start=\"645\" data-end=\"683\">\n<p data-start=\"647\" data-end=\"683\"><a href=\"https:\/\/learnandclick.nl\/index.php\/portretfotografie-in-de-studio\/\"><strong data-start=\"647\" data-end=\"681\">Portretfotografie in de studio<\/strong><\/a><\/p>\n<\/li>\n<li data-start=\"684\" data-end=\"716\">\n<p data-start=\"686\" data-end=\"716\"><a href=\"https:\/\/learnandclick.nl\/index.php\/workshop-creatief-licht-2\/\"><strong data-start=\"686\" data-end=\"714\">Creatief licht<\/strong><\/a><\/p>\n<\/li>\n<li data-start=\"717\" data-end=\"739\">\n<p data-start=\"719\" data-end=\"739\"><a href=\"https:\/\/learnandclick.nl\/index.php\/dansfotografie\/\"><strong data-start=\"719\" data-end=\"737\">Dansfotografie<\/strong><\/a><\/p>\n<\/li>\n<\/ul>\n<div><strong style=\"background-color: transparent;\" data-start=\"742\" data-end=\"761\">Daarnaast bieden we 1-op-1 coaching aan<\/strong><span style=\"background-color: transparent;\">: een persoonlijk traject waarbij we fotografen helpen die creatief vastzitten, zodat ze hun eigen creatieve flow weer terugvinden.<\/span><b><\/b><\/div>\n<p><\/p>\n<p>Voor de meeste workshops maken we gebruik van <strong data-start=\"773\" data-end=\"790\">continu licht<\/strong>, wat een <strong data-start=\"800\" data-end=\"846\">makkelijke en overzichtelijke leeromgeving<\/strong> biedt, vooral bij groepslessen. Zo kun je direct zien hoe licht valt, experimenteren en samen leren, zonder dat je afhankelijk bent van korte flitsmomenten. We maken gebruik van continu licht van Nanlite en Nanlux.<br>Maar uiteraard bieden we ook een workshop over het werken met flitslicht aan.<\/p>\t\t\t\t\t\t\t\t<\/div>\n\t\t\t\t<div class=\"elementor-element elementor-element-6997f3b elementor-widget-divider--view-line elementor-widget elementor-widget-divider\" data-id=\"6997f3b\" data-element_type=\"widget\" data-e-type=\"widget\" data-widget_type=\"divider.default\">\n\t\t\t\t\t\t\t<div class=\"elementor-divider\">\n\t\t\t<span class=\"elementor-divider-separator\">\n\t\t\t\t\t\t<\/span>\n\t\t<\/div>\n\t\t\t\t\t\t<\/div>\n\t\t\t\t\t<\/div>\n\t\t\t\t<\/div>\n\t\t<div class=\"elementor-element elementor-element-2e802cb e-flex e-con-boxed e-con e-parent\" data-id=\"2e802cb\" data-element_type=\"container\" data-e-type=\"container\">\n\t\t\t\t\t<div class=\"e-con-inner\">\n\t\t<div class=\"elementor-element elementor-element-4ee757a e-con-full e-flex e-con e-child\" data-id=\"4ee757a\" data-element_type=\"container\" data-e-type=\"container\">\n\t\t\t\t<div class=\"elementor-element elementor-element-7167773 elementor-widget elementor-widget-image\" data-id=\"7167773\" data-element_type=\"widget\" data-e-type=\"widget\" data-widget_type=\"image.default\">\n\t\t\t\t\t\t\t\t\t\t\t\t\t\t\t<img fetchpriority=\"high\" decoding=\"async\" width=\"271\" height=\"300\" src=\"https:\/\/learnandclick.nl\/wp-content\/uploads\/2025\/10\/Mike-Attinger-271x300.jpg\" class=\"attachment-medium size-medium wp-image-528\" alt=\"\" srcset=\"https:\/\/learnandclick.nl\/wp-content\/uploads\/2025\/10\/Mike-Attinger-271x300.jpg 271w, https:\/\/learnandclick.nl\/wp-content\/uploads\/2025\/10\/Mike-Attinger-924x1024.jpg 924w, https:\/\/learnandclick.nl\/wp-content\/uploads\/2025\/10\/Mike-Attinger-768x851.jpg 768w, https:\/\/learnandclick.nl\/wp-content\/uploads\/2025\/10\/Mike-Attinger.jpg 975w\" sizes=\"(max-width: 271px) 100vw, 271px\" \/>\t\t\t\t\t\t\t\t\t\t\t\t\t\t\t<\/div>\n\t\t\t\t<\/div>\n\t\t<div class=\"elementor-element elementor-element-350c12a e-con-full e-flex e-con e-child\" data-id=\"350c12a\" data-element_type=\"container\" data-e-type=\"container\">\n\t\t\t\t<div class=\"elementor-element elementor-element-54940cb elementor-widget elementor-widget-text-editor\" data-id=\"54940cb\" data-element_type=\"widget\" data-e-type=\"widget\" data-widget_type=\"text-editor.default\">\n\t\t\t\t\t\t\t\t\t<p><em>&#8220;Mijn naam is Mike Attinger. Als fotograaf en cinematograaf breng ik mijn ervaring mee naar Learn and Click. Ik werk graag met continu licht en rook, omdat deze technieken een magische, filmische sfeer cre\u00ebren die je foto\u2019s \u00e9cht bijzonder maakt. Mijn doel is om jou te helpen je eigen creatieve stem te vinden en te versterken.&#8221;<\/em><\/p>\t\t\t\t\t\t\t\t<\/div>\n\t\t\t\t<\/div>\n\t\t\t\t\t<\/div>\n\t\t\t\t<\/div>\n\t\t<div class=\"elementor-element elementor-element-e83d4b7 e-flex e-con-boxed e-con e-parent\" data-id=\"e83d4b7\" data-element_type=\"container\" data-e-type=\"container\" data-settings=\"{&quot;background_background&quot;:&quot;classic&quot;}\">\n\t\t\t\t\t<div class=\"e-con-inner\">\n\t\t\t\t<div class=\"elementor-element elementor-element-d2e5926 elementor-widget elementor-widget-text-editor\" data-id=\"d2e5926\" data-element_type=\"widget\" data-e-type=\"widget\" data-widget_type=\"text-editor.default\">\n\t\t\t\t\t\t\t\t\t<blockquote><h3 style=\"text-align: center;\"><span style=\"color: #ffffff;\">&#8220;Leren, cre\u00ebren en groeien, \u00e9\u00e9n klik tegelijk&#8221;<\/span><\/h3><\/blockquote>\t\t\t\t\t\t\t\t<\/div>\n\t\t\t\t\t<\/div>\n\t\t\t\t<\/div>\n\t\t\t\t<\/div>\n\t\t","protected":false},"excerpt":{"rendered":"<p>&#8211; over ons &#8211; Bij Learn and Click draait alles om passie voor fotografie en het ontwikkelen van creatieve vaardigheden. Of je nu net begint of al jaren fotografeert, onze workshops zijn erop gericht om jou te inspireren, nieuwe technieken te leren en je eigen stijl verder te ontwikkelen. We geven workshops in onze studio [&hellip;]<\/p>\n","protected":false},"author":1,"featured_media":0,"parent":0,"menu_order":0,"comment_status":"closed","ping_status":"closed","template":"","meta":{"iawp_total_views":11,"footnotes":""},"class_list":["post-222","page","type-page","status-publish","hentry"],"yoast_head":"<!-- This site is optimized with the Yoast SEO plugin v27.3 - https:\/\/yoast.com\/product\/yoast-seo-wordpress\/ -->\n<title>Over ons - Learn and Click<\/title>\n<meta name=\"robots\" content=\"index, follow, max-snippet:-1, max-image-preview:large, max-video-preview:-1\" \/>\n<link rel=\"canonical\" href=\"https:\/\/learnandclick.nl\/index.php\/over-ons\/\" \/>\n<meta property=\"og:locale\" content=\"nl_NL\" \/>\n<meta property=\"og:type\" content=\"article\" \/>\n<meta property=\"og:title\" content=\"Over ons - Learn and Click\" \/>\n<meta property=\"og:description\" content=\"&#8211; over ons &#8211; Bij Learn and Click draait alles om passie voor fotografie en het ontwikkelen van creatieve vaardigheden. Of je nu net begint of al jaren fotografeert, onze workshops zijn erop gericht om jou te inspireren, nieuwe technieken te leren en je eigen stijl verder te ontwikkelen. We geven workshops in onze studio [&hellip;]\" \/>\n<meta property=\"og:url\" content=\"https:\/\/learnandclick.nl\/index.php\/over-ons\/\" \/>\n<meta property=\"og:site_name\" content=\"Learn and Click\" \/>\n<meta property=\"article:modified_time\" content=\"2025-10-21T20:34:12+00:00\" \/>\n<meta property=\"og:image\" content=\"https:\/\/learnandclick.nl\/wp-content\/uploads\/2025\/10\/Mike-Attinger.jpg\" \/>\n\t<meta property=\"og:image:width\" content=\"975\" \/>\n\t<meta property=\"og:image:height\" content=\"1080\" \/>\n\t<meta property=\"og:image:type\" content=\"image\/jpeg\" \/>\n<meta name=\"twitter:card\" content=\"summary_large_image\" \/>\n<meta name=\"twitter:label1\" content=\"Geschatte leestijd\" \/>\n\t<meta name=\"twitter:data1\" content=\"2 minuten\" \/>\n<script type=\"application\/ld+json\" class=\"yoast-schema-graph\">{\"@context\":\"https:\\\/\\\/schema.org\",\"@graph\":[{\"@type\":\"WebPage\",\"@id\":\"https:\\\/\\\/learnandclick.nl\\\/index.php\\\/over-ons\\\/\",\"url\":\"https:\\\/\\\/learnandclick.nl\\\/index.php\\\/over-ons\\\/\",\"name\":\"Over ons - Learn and Click\",\"isPartOf\":{\"@id\":\"https:\\\/\\\/learnandclick.nl\\\/#website\"},\"primaryImageOfPage\":{\"@id\":\"https:\\\/\\\/learnandclick.nl\\\/index.php\\\/over-ons\\\/#primaryimage\"},\"image\":{\"@id\":\"https:\\\/\\\/learnandclick.nl\\\/index.php\\\/over-ons\\\/#primaryimage\"},\"thumbnailUrl\":\"https:\\\/\\\/learnandclick.nl\\\/wp-content\\\/uploads\\\/2025\\\/10\\\/Mike-Attinger-271x300.jpg\",\"datePublished\":\"2025-10-01T19:18:40+00:00\",\"dateModified\":\"2025-10-21T20:34:12+00:00\",\"breadcrumb\":{\"@id\":\"https:\\\/\\\/learnandclick.nl\\\/index.php\\\/over-ons\\\/#breadcrumb\"},\"inLanguage\":\"nl-NL\",\"potentialAction\":[{\"@type\":\"ReadAction\",\"target\":[\"https:\\\/\\\/learnandclick.nl\\\/index.php\\\/over-ons\\\/\"]}]},{\"@type\":\"ImageObject\",\"inLanguage\":\"nl-NL\",\"@id\":\"https:\\\/\\\/learnandclick.nl\\\/index.php\\\/over-ons\\\/#primaryimage\",\"url\":\"https:\\\/\\\/learnandclick.nl\\\/wp-content\\\/uploads\\\/2025\\\/10\\\/Mike-Attinger.jpg\",\"contentUrl\":\"https:\\\/\\\/learnandclick.nl\\\/wp-content\\\/uploads\\\/2025\\\/10\\\/Mike-Attinger.jpg\",\"width\":975,\"height\":1080},{\"@type\":\"BreadcrumbList\",\"@id\":\"https:\\\/\\\/learnandclick.nl\\\/index.php\\\/over-ons\\\/#breadcrumb\",\"itemListElement\":[{\"@type\":\"ListItem\",\"position\":1,\"name\":\"Home\",\"item\":\"https:\\\/\\\/learnandclick.nl\\\/\"},{\"@type\":\"ListItem\",\"position\":2,\"name\":\"Over ons\"}]},{\"@type\":\"WebSite\",\"@id\":\"https:\\\/\\\/learnandclick.nl\\\/#website\",\"url\":\"https:\\\/\\\/learnandclick.nl\\\/\",\"name\":\"Learn and Click\",\"description\":\"Fotografie en film workshops\",\"publisher\":{\"@id\":\"https:\\\/\\\/learnandclick.nl\\\/#organization\"},\"potentialAction\":[{\"@type\":\"SearchAction\",\"target\":{\"@type\":\"EntryPoint\",\"urlTemplate\":\"https:\\\/\\\/learnandclick.nl\\\/?s={search_term_string}\"},\"query-input\":{\"@type\":\"PropertyValueSpecification\",\"valueRequired\":true,\"valueName\":\"search_term_string\"}}],\"inLanguage\":\"nl-NL\"},{\"@type\":\"Organization\",\"@id\":\"https:\\\/\\\/learnandclick.nl\\\/#organization\",\"name\":\"Learn and Click\",\"url\":\"https:\\\/\\\/learnandclick.nl\\\/\",\"logo\":{\"@type\":\"ImageObject\",\"inLanguage\":\"nl-NL\",\"@id\":\"https:\\\/\\\/learnandclick.nl\\\/#\\\/schema\\\/logo\\\/image\\\/\",\"url\":\"https:\\\/\\\/learnandclick.nl\\\/wp-content\\\/uploads\\\/2025\\\/09\\\/LearnAndClick-Logo.png\",\"contentUrl\":\"https:\\\/\\\/learnandclick.nl\\\/wp-content\\\/uploads\\\/2025\\\/09\\\/LearnAndClick-Logo.png\",\"width\":2241,\"height\":825,\"caption\":\"Learn and Click\"},\"image\":{\"@id\":\"https:\\\/\\\/learnandclick.nl\\\/#\\\/schema\\\/logo\\\/image\\\/\"}}]}<\/script>\n<!-- \/ Yoast SEO plugin. -->","yoast_head_json":{"title":"Over ons - Learn and Click","robots":{"index":"index","follow":"follow","max-snippet":"max-snippet:-1","max-image-preview":"max-image-preview:large","max-video-preview":"max-video-preview:-1"},"canonical":"https:\/\/learnandclick.nl\/index.php\/over-ons\/","og_locale":"nl_NL","og_type":"article","og_title":"Over ons - Learn and Click","og_description":"&#8211; over ons &#8211; Bij Learn and Click draait alles om passie voor fotografie en het ontwikkelen van creatieve vaardigheden. Of je nu net begint of al jaren fotografeert, onze workshops zijn erop gericht om jou te inspireren, nieuwe technieken te leren en je eigen stijl verder te ontwikkelen. We geven workshops in onze studio [&hellip;]","og_url":"https:\/\/learnandclick.nl\/index.php\/over-ons\/","og_site_name":"Learn and Click","article_modified_time":"2025-10-21T20:34:12+00:00","og_image":[{"width":975,"height":1080,"url":"https:\/\/learnandclick.nl\/wp-content\/uploads\/2025\/10\/Mike-Attinger.jpg","type":"image\/jpeg"}],"twitter_card":"summary_large_image","twitter_misc":{"Geschatte leestijd":"2 minuten"},"schema":{"@context":"https:\/\/schema.org","@graph":[{"@type":"WebPage","@id":"https:\/\/learnandclick.nl\/index.php\/over-ons\/","url":"https:\/\/learnandclick.nl\/index.php\/over-ons\/","name":"Over ons - Learn and Click","isPartOf":{"@id":"https:\/\/learnandclick.nl\/#website"},"primaryImageOfPage":{"@id":"https:\/\/learnandclick.nl\/index.php\/over-ons\/#primaryimage"},"image":{"@id":"https:\/\/learnandclick.nl\/index.php\/over-ons\/#primaryimage"},"thumbnailUrl":"https:\/\/learnandclick.nl\/wp-content\/uploads\/2025\/10\/Mike-Attinger-271x300.jpg","datePublished":"2025-10-01T19:18:40+00:00","dateModified":"2025-10-21T20:34:12+00:00","breadcrumb":{"@id":"https:\/\/learnandclick.nl\/index.php\/over-ons\/#breadcrumb"},"inLanguage":"nl-NL","potentialAction":[{"@type":"ReadAction","target":["https:\/\/learnandclick.nl\/index.php\/over-ons\/"]}]},{"@type":"ImageObject","inLanguage":"nl-NL","@id":"https:\/\/learnandclick.nl\/index.php\/over-ons\/#primaryimage","url":"https:\/\/learnandclick.nl\/wp-content\/uploads\/2025\/10\/Mike-Attinger.jpg","contentUrl":"https:\/\/learnandclick.nl\/wp-content\/uploads\/2025\/10\/Mike-Attinger.jpg","width":975,"height":1080},{"@type":"BreadcrumbList","@id":"https:\/\/learnandclick.nl\/index.php\/over-ons\/#breadcrumb","itemListElement":[{"@type":"ListItem","position":1,"name":"Home","item":"https:\/\/learnandclick.nl\/"},{"@type":"ListItem","position":2,"name":"Over ons"}]},{"@type":"WebSite","@id":"https:\/\/learnandclick.nl\/#website","url":"https:\/\/learnandclick.nl\/","name":"Learn and Click","description":"Fotografie en film workshops","publisher":{"@id":"https:\/\/learnandclick.nl\/#organization"},"potentialAction":[{"@type":"SearchAction","target":{"@type":"EntryPoint","urlTemplate":"https:\/\/learnandclick.nl\/?s={search_term_string}"},"query-input":{"@type":"PropertyValueSpecification","valueRequired":true,"valueName":"search_term_string"}}],"inLanguage":"nl-NL"},{"@type":"Organization","@id":"https:\/\/learnandclick.nl\/#organization","name":"Learn and Click","url":"https:\/\/learnandclick.nl\/","logo":{"@type":"ImageObject","inLanguage":"nl-NL","@id":"https:\/\/learnandclick.nl\/#\/schema\/logo\/image\/","url":"https:\/\/learnandclick.nl\/wp-content\/uploads\/2025\/09\/LearnAndClick-Logo.png","contentUrl":"https:\/\/learnandclick.nl\/wp-content\/uploads\/2025\/09\/LearnAndClick-Logo.png","width":2241,"height":825,"caption":"Learn and Click"},"image":{"@id":"https:\/\/learnandclick.nl\/#\/schema\/logo\/image\/"}}]}},"_links":{"self":[{"href":"https:\/\/learnandclick.nl\/index.php\/wp-json\/wp\/v2\/pages\/222","targetHints":{"allow":["GET"]}}],"collection":[{"href":"https:\/\/learnandclick.nl\/index.php\/wp-json\/wp\/v2\/pages"}],"about":[{"href":"https:\/\/learnandclick.nl\/index.php\/wp-json\/wp\/v2\/types\/page"}],"author":[{"embeddable":true,"href":"https:\/\/learnandclick.nl\/index.php\/wp-json\/wp\/v2\/users\/1"}],"replies":[{"embeddable":true,"href":"https:\/\/learnandclick.nl\/index.php\/wp-json\/wp\/v2\/comments?post=222"}],"version-history":[{"count":25,"href":"https:\/\/learnandclick.nl\/index.php\/wp-json\/wp\/v2\/pages\/222\/revisions"}],"predecessor-version":[{"id":614,"href":"https:\/\/learnandclick.nl\/index.php\/wp-json\/wp\/v2\/pages\/222\/revisions\/614"}],"wp:attachment":[{"href":"https:\/\/learnandclick.nl\/index.php\/wp-json\/wp\/v2\/media?parent=222"}],"curies":[{"name":"wp","href":"https:\/\/api.w.org\/{rel}","templated":true}]}}